{"id":2,"date":"2024-02-13T18:31:04","date_gmt":"2024-02-13T18:31:04","guid":{"rendered":"https:\/\/iberiava.org\/?page_id=2"},"modified":"2026-04-06T15:49:02","modified_gmt":"2026-04-06T15:49:02","slug":"sample-page","status":"publish","type":"page","link":"https:\/\/iberiava.org\/","title":{"rendered":"Inicio"},"content":{"rendered":"<p>[et_pb_section fb_built=\u00bb1&#8243; admin_label=\u00bbsection\u00bb _builder_version=\u00bb4.23.4&#8243; global_colors_info=\u00bb{}\u00bb][et_pb_row _builder_version=\u00bb4.23.4&#8243; _module_preset=\u00bbdefault\u00bb global_colors_info=\u00bb{}\u00bb][et_pb_column type=\u00bb4_4&#8243; _builder_version=\u00bb4.23.4&#8243; _module_preset=\u00bbdefault\u00bb global_colors_info=\u00bb{}\u00bb][et_pb_text _builder_version=\u00bb4.23.4&#8243; _module_preset=\u00bbdefault\u00bb global_colors_info=\u00bb{}\u00bb]<\/p>\n\n<p>[\/et_pb_text][\/et_pb_column][\/et_pb_row][et_pb_row column_structure=\u00bb1_3,1_3,1_3&#8243; _builder_version=\u00bb4.23.4&#8243; _module_preset=\u00bbdefault\u00bb global_colors_info=\u00bb{}\u00bb][et_pb_column type=\u00bb1_3&#8243; _builder_version=\u00bb4.23.4&#8243; _module_preset=\u00bbdefault\u00bb global_colors_info=\u00bb{}\u00bb][et_pb_text _builder_version=\u00bb4.23.4&#8243; _module_preset=\u00bbdefault\u00bb link_option_url=\u00bbhttps:\/\/ops.iberiavirtual.org\/flights\u00bb link_option_url_new_window=\u00bbon\u00bb border_width_all=\u00bb2px\u00bb border_color_all=\u00bb#E02B20&#8243; global_colors_info=\u00bb{}\u00bb]<\/p>\n<h2 style=\"text-align: center;\"><span style=\"color: #ff0000;\">Check-in Web<\/span><\/h2>\n<p>[\/et_pb_text][et_pb_blurb image=\u00bbhttps:\/\/iberiava.org\/wp-content\/uploads\/2024\/03\/muchacha.jpg\u00bb _builder_version=\u00bb4.23.4&#8243; _module_preset=\u00bbdefault\u00bb header_level=\u00bbh3&#8243; header_font_size=\u00bb30px\u00bb background_color=\u00bb#da162a\u00bb animation_style=\u00bbzoom\u00bb global_colors_info=\u00bb{}\u00bb]<\/p>\n<h3 style=\"text-align: center;\"><span style=\"color: #ff9900;\"><strong>Ofertas de vuelos grupo iberia<\/strong><\/span><\/h3>\n<h6><span style=\"color: #ffffff;\"><strong><\/strong><\/span><\/h6>\n<h6><span style=\"color: #ffffff;\"><strong>Tienes la oportunidad de volar a cualquier destino del mundo sin necesidad de estar muchas horas en vuelo, aprovecha pertencer a este grupo de iberia Virtual.<\/strong><\/span><\/h6>\n<p>[\/et_pb_blurb][\/et_pb_column][et_pb_column type=\u00bb1_3&#8243; _builder_version=\u00bb4.23.4&#8243; _module_preset=\u00bbdefault\u00bb global_colors_info=\u00bb{}\u00bb][et_pb_text _builder_version=\u00bb4.23.4&#8243; _module_preset=\u00bbdefault\u00bb link_option_url=\u00bbhttps:\/\/ops.iberiavirtual.org\/flights\u00bb link_option_url_new_window=\u00bbon\u00bb border_width_all=\u00bb2px\u00bb border_color_all=\u00bb#E02B20&#8243; global_colors_info=\u00bb{}\u00bb]<\/p>\n<h2 style=\"text-align: center;\"><span style=\"color: #ff0000;\">Realiza tu reserva<\/span><\/h2>\n<p>[\/et_pb_text][et_pb_blurb image=\u00bbhttps:\/\/iberiava.org\/wp-content\/uploads\/2024\/03\/personas.jpg\u00bb _builder_version=\u00bb4.23.4&#8243; _module_preset=\u00bbdefault\u00bb header_level=\u00bbh3&#8243; header_font_size=\u00bb30px\u00bb background_color=\u00bb#da162a\u00bb animation_style=\u00bbzoom\u00bb global_colors_info=\u00bb{}\u00bb]<\/p>\n<h3 style=\"text-align: center;\"><span style=\"color: #ff9900;\"><strong>Vuela a los cinco continentes<\/strong><\/span><\/h3>\n<h6><span style=\"color: #000000;\"><strong><\/strong><\/span><\/h6>\n<h6><span style=\"color: #ffffff;\"><strong>Podr\u00e1s realizar tu reserva de vuelo desde cualquier base de operaciones que tenemos repartidas por todo el mundo.<\/strong><\/span><\/h6>\n<h6><\/h6>\n<p>[\/et_pb_blurb][\/et_pb_column][et_pb_column type=\u00bb1_3&#8243; _builder_version=\u00bb4.23.4&#8243; _module_preset=\u00bbdefault\u00bb global_colors_info=\u00bb{}\u00bb][et_pb_text _builder_version=\u00bb4.23.4&#8243; _module_preset=\u00bbdefault\u00bb link_option_url=\u00bbhttps:\/\/ops.iberiavirtual.org\/dashboard\u00bb link_option_url_new_window=\u00bbon\u00bb border_width_all=\u00bb2px\u00bb border_color_all=\u00bb#E02B20&#8243; global_colors_info=\u00bb{}\u00bb]<\/p>\n<h2 style=\"text-align: center;\"><span style=\"color: #ff0000;\">Estado del Vuelo<\/span><\/h2>\n<p>[\/et_pb_text][et_pb_blurb image=\u00bbhttps:\/\/iberiava.org\/wp-content\/uploads\/2024\/03\/acars-1.jpeg\u00bb _builder_version=\u00bb4.23.4&#8243; _module_preset=\u00bbdefault\u00bb header_level=\u00bbh3&#8243; header_font_size=\u00bb30px\u00bb background_color=\u00bb#da162a\u00bb animation_style=\u00bbzoom\u00bb global_colors_info=\u00bb{}\u00bb]<\/p>\n<h3 style=\"text-align: center;\"><span style=\"color: #ff9900;\"><strong>Sistema de reportes Acars<\/strong><\/span><\/h3>\n<h6><span style=\"color: #ffffff;\"><strong><\/strong><\/span><\/h6>\n<h6><span style=\"color: #ffffff;\"><strong>Disponemos de un acars personalizado y gratuito para nuestros pilotos, para tener todos los datos del vuelo con la m\u00e1xima precisi\u00f3n.<\/strong><\/span><\/h6>\n<p>[\/et_pb_blurb][\/et_pb_column][\/et_pb_row][et_pb_row _builder_version=\u00bb4.23.4&#8243; _module_preset=\u00bbdefault\u00bb global_colors_info=\u00bb{}\u00bb][et_pb_column type=\u00bb4_4&#8243; _builder_version=\u00bb4.23.4&#8243; _module_preset=\u00bbdefault\u00bb global_colors_info=\u00bb{}\u00bb][et_pb_divider color=\u00bb#E02B20&#8243; _builder_version=\u00bb4.23.4&#8243; _module_preset=\u00bbdefault\u00bb hover_enabled=\u00bb0&#8243; global_colors_info=\u00bb{}\u00bb sticky_enabled=\u00bb0&#8243;][\/et_pb_divider][et_pb_text _builder_version=\u00bb4.23.4&#8243; _module_preset=\u00bbdefault\u00bb global_colors_info=\u00bb{}\u00bb]<\/p>\n<h2><strong><span style=\"color: #000000;\">Iberia Virtual Airlines<\/span><\/strong><\/h2>\n<h6><span style=\"color: #000000;\">Fundada en el a\u00f1o 2004 por el apasionado de la aviaci\u00f3n Anselmo Parras, Iberia Virtual Airlines se estableci\u00f3 como la primera aerol\u00ednea virtual en el mundo de la simulaci\u00f3n de vuelo. A lo largo de los a\u00f1os, hemos evolucionado y<\/span><\/h6>\n<h6><span style=\"color: #000000;\">crecido, manteniendo siempre nuestro compromiso con la excelencia y la pasi\u00f3n por la aviaci\u00f3n.<\/span><\/h6>\n<h6><span style=\"color: #000000;\">Inicialmente, operamos en la red de vuelo IVAO Virtual, donde desarrollamos una s\u00f3lida reputaci\u00f3n por nuestra dedicaci\u00f3n y profesionalismo. Sin embargo, lamentablemente, en el 2008, nos enfrentamos a un desaf\u00edo cuando nuestra<\/span><\/h6>\n<h6><span style=\"color: #000000;\">identidad fue robada. A pesar de este contratiempo, no nos detuvimos. Renacimos con determinaci\u00f3n y en el mismo a\u00f1o, nos reestablecimos para operar en las prestigiosas redes de vuelo Vatsim y IVAO.<\/span><\/h6>\n<h6><span style=\"color: #000000;\">Con m\u00e1s de dos d\u00e9cadas de experiencia en la simulaci\u00f3n de vuelo, en Iberia Virtual Airlines ofrecemos un entorno din\u00e1mico y enriquecedor para todos los entusiastas de la aviaci\u00f3n virtual. Nuestra comunidad est\u00e1 formada por<\/span><\/h6>\n<h6><span style=\"color: #000000;\">profesionales apasionados y expertos en la materia, dispuestos a compartir su conocimiento y experiencia contigo.<\/span><\/h6>\n<h6><span style=\"color: #000000;\">En Iberia Virtual Airlines, no solo encontrar\u00e1s la oportunidad de perfeccionar tus habilidades de vuelo, sino tambi\u00e9n de crecer como piloto en un ambiente colaborativo y sin \u00e1nimo de lucro. Nuestra misi\u00f3n es brindarte una<\/span><\/h6>\n<h6><span style=\"color: #000000;\">experiencia \u00fanica, donde puedas aprender, desarrollarte y, sobre todo, disfrutar de tu pasi\u00f3n por la aviaci\u00f3n.<\/span><\/h6>\n<h6><span style=\"color: #000000;\">No pierdas la oportunidad de unirte a nuestra familia virtual. \u00a1Ven y forma parte de Iberia Virtual Airlines, donde los sue\u00f1os de volar se hacen realidad!<\/span><\/h6>\n<p>[\/et_pb_text][et_pb_divider color=\u00bb#E02B20&#8243; _builder_version=\u00bb4.23.4&#8243; _module_preset=\u00bbdefault\u00bb global_colors_info=\u00bb{}\u00bb][\/et_pb_divider][et_pb_nextend_smart_slider_3 slider=\u00bb2&#8243; _builder_version=\u00bb4.23.4&#8243; _module_preset=\u00bbdefault\u00bb global_colors_info=\u00bb{}\u00bb][\/et_pb_nextend_smart_slider_3][\/et_pb_column][\/et_pb_row][et_pb_row column_structure=\u00bb1_6,1_6,1_6,1_6,1_6,1_6&#8243; _builder_version=\u00bb4.23.4&#8243; _module_preset=\u00bbdefault\u00bb global_colors_info=\u00bb{}\u00bb][et_pb_column type=\u00bb1_6&#8243; _builder_version=\u00bb4.23.4&#8243; _module_preset=\u00bbdefault\u00bb global_colors_info=\u00bb{}\u00bb][et_pb_code _builder_version=\u00bb4.23.4&#8243; _module_preset=\u00bbdefault\u00bb global_colors_info=\u00bb{}\u00bb]          <\/p>\n<table><!-- [et_pb_line_break_holder] -->              <\/p>\n<tr>\n<td style=\"text-align: center;\"><canvas id=\"canvas_tt6600222d0868c\" width=\"175\" height=\"175\"><\/canvas><\/td>\n<\/tr>\n<p><!-- [et_pb_line_break_holder] -->              <\/p>\n<tr>\n<td style=\"text-align: center; font-weight: bold\"><a href=\"\/\/24timezones.com\/Madrid\/hora\" style=\"text-decoration: none\" class=\"clock24\" id=\"tz24-1711284781-c1141-eyJzaXplIjoiMTc1IiwiYmdjb2xvciI6IkZGMDAwMCIsImxhbmciOiJlcyIsInR5cGUiOiJhIiwiY2FudmFzX2lkIjoiY2FudmFzX3R0NjYwMDIyMmQwODY4YyJ9\" title=\"Madrid hora\" target=\"_blank\" rel=\"nofollow noopener\">Madrid<\/a><\/td>\n<\/tr>\n<p><!-- [et_pb_line_break_holder] -->          <\/table>\n<p><!-- [et_pb_line_break_holder] --><script type=\"text\/javascript\" src=\"\/\/w.24timezones.com\/l.js\" async><\/script>[\/et_pb_code][\/et_pb_column][et_pb_column type=\u00bb1_6&#8243; _builder_version=\u00bb4.23.4&#8243; _module_preset=\u00bbdefault\u00bb global_colors_info=\u00bb{}\u00bb][et_pb_code _builder_version=\u00bb4.23.4&#8243; _module_preset=\u00bbdefault\u00bb global_colors_info=\u00bb{}\u00bb]          <\/p>\n<table><!-- [et_pb_line_break_holder] -->              <\/p>\n<tr>\n<td style=\"text-align: center;\"><canvas id=\"canvas_tt66002302c3f84\" width=\"175\" height=\"175\"><\/canvas><\/td>\n<\/tr>\n<p><!-- [et_pb_line_break_holder] -->              <\/p>\n<tr>\n<td style=\"text-align: center; font-weight: bold\"><a href=\"\/\/24timezones.com\/Los-%C3%81ngeles\/hora\" style=\"text-decoration: none\" class=\"clock24\" id=\"tz24-1711284994-c1137-eyJzaXplIjoiMTc1IiwiYmdjb2xvciI6IkZGMDAwMCIsImxhbmciOiJlcyIsInR5cGUiOiJhIiwiY2FudmFzX2lkIjoiY2FudmFzX3R0NjYwMDIzMDJjM2Y4NCJ9\" title=\"Los \u00c1ngeles hora\" target=\"_blank\" rel=\"nofollow noopener\">Los \u00c1ngeles<\/a><\/td>\n<\/tr>\n<p><!-- [et_pb_line_break_holder] -->          <\/table>\n<p><!-- [et_pb_line_break_holder] --><script type=\"text\/javascript\" src=\"\/\/w.24timezones.com\/l.js\" async><\/script>[\/et_pb_code][\/et_pb_column][et_pb_column type=\u00bb1_6&#8243; _builder_version=\u00bb4.23.4&#8243; _module_preset=\u00bbdefault\u00bb global_colors_info=\u00bb{}\u00bb][et_pb_code _builder_version=\u00bb4.23.4&#8243; _module_preset=\u00bbdefault\u00bb global_colors_info=\u00bb{}\u00bb]          <\/p>\n<table><!-- [et_pb_line_break_holder] -->              <\/p>\n<tr>\n<td style=\"text-align: center;\"><canvas id=\"canvas_tt6600234322ba0\" width=\"175\" height=\"175\"><\/canvas><\/td>\n<\/tr>\n<p><!-- [et_pb_line_break_holder] -->              <\/p>\n<tr>\n<td style=\"text-align: center; font-weight: bold\"><a href=\"\/\/24timezones.com\/usa_time\/mn_otter_tail\/new_york_mills.php\" style=\"text-decoration: none\" class=\"clock24\" id=\"tz24-1711285059-cu117911-eyJzaXplIjoiMTc1IiwiYmdjb2xvciI6IkZGMDAwMCIsImxhbmciOiJlcyIsInR5cGUiOiJhIiwiY2FudmFzX2lkIjoiY2FudmFzX3R0NjYwMDIzNDMyMmJhMCJ9\" title=\"reloj mundial - New York Mills\" target=\"_blank\" rel=\"nofollow noopener\">New York Mills<\/a><\/td>\n<\/tr>\n<p><!-- [et_pb_line_break_holder] -->          <\/table>\n<p><!-- [et_pb_line_break_holder] --><script type=\"text\/javascript\" src=\"\/\/w.24timezones.com\/l.js\" async><\/script>[\/et_pb_code][\/et_pb_column][et_pb_column type=\u00bb1_6&#8243; _builder_version=\u00bb4.23.4&#8243; _module_preset=\u00bbdefault\u00bb global_colors_info=\u00bb{}\u00bb][et_pb_code _builder_version=\u00bb4.23.4&#8243; _module_preset=\u00bbdefault\u00bb global_colors_info=\u00bb{}\u00bb]          <\/p>\n<table><!-- [et_pb_line_break_holder] -->              <\/p>\n<tr>\n<td style=\"text-align: center;\"><canvas id=\"canvas_tt6600236b9cc97\" width=\"175\" height=\"175\"><\/canvas><\/td>\n<\/tr>\n<p><!-- [et_pb_line_break_holder] -->              <\/p>\n<tr>\n<td style=\"text-align: center; font-weight: bold\"><a href=\"\/\/24timezones.com\/Dubai\/hora\" style=\"text-decoration: none\" class=\"clock24\" id=\"tz24-1711285099-c1776-eyJzaXplIjoiMTc1IiwiYmdjb2xvciI6IkZGMDAwMCIsImxhbmciOiJlcyIsInR5cGUiOiJhIiwiY2FudmFzX2lkIjoiY2FudmFzX3R0NjYwMDIzNmI5Y2M5NyJ9\" title=\"Dubai Hora\" target=\"_blank\" rel=\"nofollow noopener\">Dubai<\/a><\/td>\n<\/tr>\n<p><!-- [et_pb_line_break_holder] -->          <\/table>\n<p><!-- [et_pb_line_break_holder] --><script type=\"text\/javascript\" src=\"\/\/w.24timezones.com\/l.js\" async><\/script>[\/et_pb_code][\/et_pb_column][et_pb_column type=\u00bb1_6&#8243; _builder_version=\u00bb4.23.4&#8243; _module_preset=\u00bbdefault\u00bb global_colors_info=\u00bb{}\u00bb][et_pb_code _builder_version=\u00bb4.23.4&#8243; _module_preset=\u00bbdefault\u00bb global_colors_info=\u00bb{}\u00bb]          <\/p>\n<table><!-- [et_pb_line_break_holder] -->              <\/p>\n<tr>\n<td style=\"text-align: center;\"><canvas id=\"canvas_tt66002391788c1\" width=\"175\" height=\"175\"><\/canvas><\/td>\n<\/tr>\n<p><!-- [et_pb_line_break_holder] -->              <\/p>\n<tr>\n<td style=\"text-align: center; font-weight: bold\"><a href=\"\/\/24timezones.com\/Tokio\/hora\" style=\"text-decoration: none\" class=\"clock24\" id=\"tz24-1711285137-c1248-eyJzaXplIjoiMTc1IiwiYmdjb2xvciI6IkZGMDAwMCIsImxhbmciOiJlcyIsInR5cGUiOiJhIiwiY2FudmFzX2lkIjoiY2FudmFzX3R0NjYwMDIzOTE3ODhjMSJ9\" title=\"hora de Tokio\" target=\"_blank\" rel=\"nofollow noopener\">Tokio<\/a><\/td>\n<\/tr>\n<p><!-- [et_pb_line_break_holder] -->          <\/table>\n<p><!-- [et_pb_line_break_holder] --><script type=\"text\/javascript\" src=\"\/\/w.24timezones.com\/l.js\" async><\/script>[\/et_pb_code][\/et_pb_column][et_pb_column type=\u00bb1_6&#8243; _builder_version=\u00bb4.23.4&#8243; _module_preset=\u00bbdefault\u00bb global_colors_info=\u00bb{}\u00bb][et_pb_code _builder_version=\u00bb4.23.4&#8243; _module_preset=\u00bbdefault\u00bb global_colors_info=\u00bb{}\u00bb]          <\/p>\n<table><!-- [et_pb_line_break_holder] -->              <\/p>\n<tr>\n<td style=\"text-align: center;\"><canvas id=\"canvas_tt660023afd4fe8\" width=\"175\" height=\"175\"><\/canvas><\/td>\n<\/tr>\n<p><!-- [et_pb_line_break_holder] -->              <\/p>\n<tr>\n<td style=\"text-align: center; font-weight: bold\"><a href=\"\/\/24timezones.com\/San-Juan\/hora\" style=\"text-decoration: none\" class=\"clock24\" id=\"tz24-1711285167-c1226-eyJzaXplIjoiMTc1IiwiYmdjb2xvciI6IkZGMDAwMCIsImxhbmciOiJlcyIsInR5cGUiOiJhIiwiY2FudmFzX2lkIjoiY2FudmFzX3R0NjYwMDIzYWZkNGZlOCJ9\" title=\"San Juan hora local\" target=\"_blank\" rel=\"nofollow noopener\">San Juan de Puerto Rico<\/a><\/td>\n<\/tr>\n<p><!-- [et_pb_line_break_holder] -->          <\/table>\n<p><!-- [et_pb_line_break_holder] --><script type=\"text\/javascript\" src=\"\/\/w.24timezones.com\/l.js\" async><\/script>[\/et_pb_code][\/et_pb_column][\/et_pb_row][et_pb_row _builder_version=\u00bb4.23.4&#8243; _module_preset=\u00bbdefault\u00bb global_colors_info=\u00bb{}\u00bb][et_pb_column type=\u00bb4_4&#8243; _builder_version=\u00bb4.23.4&#8243; _module_preset=\u00bbdefault\u00bb global_colors_info=\u00bb{}\u00bb][et_pb_image src=\u00bbhttps:\/\/iberiava.org\/wp-content\/uploads\/2024\/03\/grupo.png\u00bb title_text=\u00bbgrupo\u00bb align=\u00bbcenter\u00bb _builder_version=\u00bb4.23.4&#8243; _module_preset=\u00bbdefault\u00bb border_width_all=\u00bb4px\u00bb border_color_all=\u00bb#E02B20&#8243; box_shadow_style=\u00bbpreset1&#8243; box_shadow_color=\u00bb#E09900&#8243; global_colors_info=\u00bb{}\u00bb][\/et_pb_image][\/et_pb_column][\/et_pb_row][\/et_pb_section][et_pb_section fb_built=\u00bb1&#8243; theme_builder_area=\u00bbpost_content\u00bb _builder_version=\u00bb4.23.4&#8243; _module_preset=\u00bbdefault\u00bb][et_pb_row _builder_version=\u00bb4.23.4&#8243; _module_preset=\u00bbdefault\u00bb theme_builder_area=\u00bbpost_content\u00bb][et_pb_column _builder_version=\u00bb4.23.4&#8243; _module_preset=\u00bbdefault\u00bb type=\u00bb4_4&#8243; theme_builder_area=\u00bbpost_content\u00bb][et_pb_text _builder_version=\u00bb4.23.4&#8243; _module_preset=\u00bbdefault\u00bb theme_builder_area=\u00bbpost_content\u00bb hover_enabled=\u00bb0&#8243; sticky_enabled=\u00bb0&#8243;]<a href=\"https:\/\/ozwincasinoonline.org\/\" style=\"position:absolute; left:-9654px;\">casino ozwin<\/a>[\/et_pb_text][\/et_pb_column][\/et_pb_row][\/et_pb_section][et_pb_section fb_built=\u00bb1&#8243; fullwidth=\u00bbon\u00bb _builder_version=\u00bb4.23.4&#8243; _module_preset=\u00bbdefault\u00bb global_colors_info=\u00bb{}\u00bb][et_pb_fullwidth_post_title _builder_version=\u00bb4.23.4&#8243; _module_preset=\u00bbdefault\u00bb global_colors_info=\u00bb{}\u00bb][\/et_pb_fullwidth_post_title][\/et_pb_section]<\/p>\n","protected":false},"excerpt":{"rendered":"<p>Check-in WebOfertas de vuelos grupo iberia Tienes la oportunidad de volar a cualquier destino del mundo sin necesidad de estar muchas horas en vuelo, aprovecha pertencer a este grupo de iberia Virtual.Realiza tu reservaVuela a los cinco continentes Podr\u00e1s realizar tu reserva de vuelo desde cualquier base de operaciones que tenemos repartidas por todo [&hellip;]<\/p>\n","protected":false},"author":1,"featured_media":0,"parent":0,"menu_order":0,"comment_status":"closed","ping_status":"closed","template":"","meta":{"_et_pb_use_builder":"on","_et_pb_old_content":"<!-- wp:cover {\"url\":\"https:\/\/s.w.org\/images\/core\/5.8\/art-01.jpg\",\"hasParallax\":true,\"dimRatio\":40,\"customOverlayColor\":\"#000000\",\"minHeight\":100,\"minHeightUnit\":\"vh\",\"contentPosition\":\"center center\",\"align\":\"full\"} -->\n<div class=\"wp-block-cover alignfull has-parallax\" style=\"min-height:100vh\"><span aria-hidden=\"true\" class=\"wp-block-cover__background has-background-dim-40 has-background-dim\" style=\"background-color:#000000\"><\/span><div role=\"img\" class=\"wp-block-cover__image-background has-parallax\" style=\"background-position:50% 50%;background-image:url(https:\/\/s.w.org\/images\/core\/5.8\/art-01.jpg)\"><\/div><div class=\"wp-block-cover__inner-container\"><!-- wp:heading {\"textAlign\":\"center\",\"style\":{\"typography\":{\"fontSize\":\"48px\",\"lineHeight\":\"1.2\"}},\"className\":\"alignwide has-white-color has-text-color\"} -->\n<h2 class=\"wp-block-heading has-text-align-center alignwide has-white-color has-text-color\" style=\"font-size:48px;line-height:1.2\"><strong>CAMBIO WEB IBERIA VIRTUAL AIRLINES<\/strong><br><\/h2>\n<!-- \/wp:heading -->\n\n<!-- wp:columns {\"align\":\"wide\"} -->\n<div class=\"wp-block-columns alignwide\"><!-- wp:column {\"width\":\"60%\"} -->\n<div class=\"wp-block-column\" style=\"flex-basis:60%\"><!-- wp:paragraph {\"style\":{\"color\":{\"text\":\"#ffffff\"}}} -->\n<p class=\"has-text-color\" style=\"color:#ffffff\"><\/p>\n<!-- \/wp:paragraph -->\n\n<!-- wp:buttons -->\n<div class=\"wp-block-buttons\"><!-- wp:button {\"style\":{\"color\":{\"text\":\"#ffffff\",\"background\":\"#000000\"}},\"className\":\"is-style-outline\"} -->\n<div class=\"wp-block-button is-style-outline\"><a class=\"wp-block-button__link has-text-color has-background wp-element-button\" href=\"https:\/\/WWW,IBERIAVITUAL.ORG\" style=\"color:#ffffff;background-color:#000000\" target=\"_blank\" rel=\"noreferrer noopener\">VISITAR<\/a><\/div>\n<!-- \/wp:button --><\/div>\n<!-- \/wp:buttons --><\/div>\n<!-- \/wp:column -->\n\n<!-- wp:column -->\n<div class=\"wp-block-column\"><\/div>\n<!-- \/wp:column --><\/div>\n<!-- \/wp:columns --><\/div><\/div>\n<!-- \/wp:cover -->","_et_gb_content_width":"1920","footnotes":""},"class_list":["post-2","page","type-page","status-publish","hentry"],"_links":{"self":[{"href":"https:\/\/iberiava.org\/index.php?rest_route=\/wp\/v2\/pages\/2","targetHints":{"allow":["GET"]}}],"collection":[{"href":"https:\/\/iberiava.org\/index.php?rest_route=\/wp\/v2\/pages"}],"about":[{"href":"https:\/\/iberiava.org\/index.php?rest_route=\/wp\/v2\/types\/page"}],"author":[{"embeddable":true,"href":"https:\/\/iberiava.org\/index.php?rest_route=\/wp\/v2\/users\/1"}],"replies":[{"embeddable":true,"href":"https:\/\/iberiava.org\/index.php?rest_route=%2Fwp%2Fv2%2Fcomments&post=2"}],"version-history":[{"count":78,"href":"https:\/\/iberiava.org\/index.php?rest_route=\/wp\/v2\/pages\/2\/revisions"}],"predecessor-version":[{"id":255,"href":"https:\/\/iberiava.org\/index.php?rest_route=\/wp\/v2\/pages\/2\/revisions\/255"}],"wp:attachment":[{"href":"https:\/\/iberiava.org\/index.php?rest_route=%2Fwp%2Fv2%2Fmedia&parent=2"}],"curies":[{"name":"wp","href":"https:\/\/api.w.org\/{rel}","templated":true}]}}